{"id":6449,"date":"2022-10-07T14:00:33","date_gmt":"2022-10-07T18:00:33","guid":{"rendered":"https:\/\/www.senneville.ca\/?page_id=6449"},"modified":"2023-07-07T12:07:35","modified_gmt":"2023-07-07T16:07:35","slug":"register-to-the-newsletter-and-change-your-preferences","status":"publish","type":"page","link":"https:\/\/www.senneville.ca\/en\/publications\/newsletters\/register-to-the-newsletter-and-change-your-preferences\/","title":{"rendered":"Register to the newsletter and change your preferences"},"content":{"rendered":"\n<div class=\"wp-block-cover alignfull is-light is-style-title-banner\"><span aria-hidden=\"true\" class=\"wp-block-cover__background has-background-dim\"><\/span><img decoding=\"async\" class=\"wp-block-cover__image-background wp-image-28 lazyload\" alt=\"\" data-src=\"https:\/\/stage.tramwaygatineauottawa.ca\/wp-content\/uploads\/2022\/06\/banner-scaled.jpg\" data-object-fit=\"cover\" src=\"data:image\/svg+xml;base64,PHN2ZyB3aWR0aD0iMSIgaGVpZ2h0PSIxIiB4bWxucz0iaHR0cDovL3d3dy53My5vcmcvMjAwMC9zdmciPjwvc3ZnPg==\" \/><div class=\"wp-block-cover__inner-container\"><h3 class=\"wp-block-post-title\">Register to the newsletter and change your preferences<\/h3><\/div><\/div>\n\n\n\n<div class=\"wp-block-group alignfull has-padding-y-large has-primary-03-background-color has-background\"><div class=\"yoast-breadcrumbs alignwide \"><span class=\"breadcrumbs\"><a href=\"https:\/\/www.senneville.ca\/en\/\" class=\"breadcrumbs__element\">Home<\/a> <span class=\"breadcrumbs__separator\">\n        <svg class=\"icon icon-breadcrumb__separator\"><use xlink:href=\"#icon-breadcrumb__separator\"><\/use><\/svg>\n    <\/span> <a href=\"https:\/\/www.senneville.ca\/en\/publications\/\" class=\"breadcrumbs__element\">Publications<\/a> <span class=\"breadcrumbs__separator\">\n        <svg class=\"icon icon-breadcrumb__separator\"><use xlink:href=\"#icon-breadcrumb__separator\"><\/use><\/svg>\n    <\/span> <a href=\"https:\/\/www.senneville.ca\/en\/publications\/newsletters\/\" class=\"breadcrumbs__element\">Newsletter<\/a> <span class=\"breadcrumbs__separator\">\n        <svg class=\"icon icon-breadcrumb__separator\"><use xlink:href=\"#icon-breadcrumb__separator\"><\/use><\/svg>\n    <\/span> <span class=\"breadcrumbs__element breadcrumbs__element-current\">Register to the newsletter and change your preferences<\/span><\/span><\/div><\/div>\n\n\n\n<section class='mailchimp-form gform_wrapper gravity-theme'>\n            <h2>Inscrivez-vous ou g\u00e9rez vos pr\u00e9f\u00e9rences<\/h2>\n        <div class=\"mailchimp-form__subscribe \">\n            <form class=\"auto\" data-action=\"ajax_redirect_to_preferences\" novalidate data-error=\"Your email is empty or incorrect\">\n    <div class=\"gform_body \">\n        <div class=\"gform_fields\">\n            <div class=\"gfield\">\n                <label for=\"email\" class=\"gfield_label\">Courriel<\/label>\n                <input class=\"required\" type=\"email\" name=\"email\" placeholder=\"Enter your email address *\">\n                <p class=\"gfield_validation_message\">Your email is empty or incorrect<\/p>\n            <\/div>\n        <\/div>\n    <\/div>\n    <div class=\"gform_footer\">\n        <input type=\"submit\" class=\"gform_button button\" value=\"Subscribe\">\n                    <input type=\"submit\" class=\"gform_button button\" value=\"G\u00e9rer mes pr\u00e9f\u00e9rences\">\n            <\/div>\n<\/form>\n        <\/div>\n    <\/section>\n","protected":false},"excerpt":{"rendered":"","protected":false},"author":1,"featured_media":0,"parent":1980,"menu_order":0,"comment_status":"closed","ping_status":"closed","template":"","meta":{"_acf_changed":false,"inline_featured_image":false,"footnotes":""},"class_list":["post-6449","page","type-page","status-publish","hentry"],"acf":[],"yoast_head":"<!-- This site is optimized with the Yoast SEO plugin v27.5 - https:\/\/yoast.com\/product\/yoast-seo-wordpress\/ -->\n<title>Register to the newsletter and change your preferences - Village de Senneville<\/title>\n<meta name=\"robots\" content=\"index, follow, max-snippet:-1, max-image-preview:large, max-video-preview:-1\" \/>\n<link rel=\"canonical\" href=\"https:\/\/www.senneville.ca\/en\/publications\/newsletters\/register-to-the-newsletter-and-change-your-preferences\/\" \/>\n<meta property=\"og:locale\" content=\"en_US\" \/>\n<meta property=\"og:type\" content=\"article\" \/>\n<meta property=\"og:title\" content=\"Register to the newsletter and change your preferences - Village de Senneville\" \/>\n<meta property=\"og:url\" content=\"https:\/\/www.senneville.ca\/en\/publications\/newsletters\/register-to-the-newsletter-and-change-your-preferences\/\" \/>\n<meta property=\"og:site_name\" content=\"Village de Senneville\" \/>\n<meta property=\"article:publisher\" content=\"https:\/\/www.facebook.com\/senneville.ca\" \/>\n<meta property=\"article:modified_time\" content=\"2023-07-07T16:07:35+00:00\" \/>\n<meta property=\"og:image\" content=\"https:\/\/stage.tramwaygatineauottawa.ca\/wp-content\/uploads\/2022\/06\/banner-scaled.jpg\" \/>\n<meta name=\"twitter:card\" content=\"summary_large_image\" \/>\n<meta name=\"twitter:label1\" content=\"Est. reading time\" \/>\n\t<meta name=\"twitter:data1\" content=\"1 minute\" \/>\n<script type=\"application\/ld+json\" class=\"yoast-schema-graph\">{\n\t    \"@context\": \"https:\\\/\\\/schema.org\",\n\t    \"@graph\": [\n\t        {\n\t            \"@type\": \"WebPage\",\n\t            \"@id\": \"https:\\\/\\\/www.senneville.ca\\\/en\\\/publications\\\/newsletters\\\/register-to-the-newsletter-and-change-your-preferences\\\/\",\n\t            \"url\": \"https:\\\/\\\/www.senneville.ca\\\/en\\\/publications\\\/newsletters\\\/register-to-the-newsletter-and-change-your-preferences\\\/\",\n\t            \"name\": \"Register to the newsletter and change your preferences - Village de Senneville\",\n\t            \"isPartOf\": {\n\t                \"@id\": \"https:\\\/\\\/www.senneville.ca\\\/en\\\/#website\"\n\t            },\n\t            \"primaryImageOfPage\": {\n\t                \"@id\": \"https:\\\/\\\/www.senneville.ca\\\/en\\\/publications\\\/newsletters\\\/register-to-the-newsletter-and-change-your-preferences\\\/#primaryimage\"\n\t            },\n\t            \"image\": {\n\t                \"@id\": \"https:\\\/\\\/www.senneville.ca\\\/en\\\/publications\\\/newsletters\\\/register-to-the-newsletter-and-change-your-preferences\\\/#primaryimage\"\n\t            },\n\t            \"thumbnailUrl\": \"https:\\\/\\\/stage.tramwaygatineauottawa.ca\\\/wp-content\\\/uploads\\\/2022\\\/06\\\/banner-scaled.jpg\",\n\t            \"datePublished\": \"2022-10-07T18:00:33+00:00\",\n\t            \"dateModified\": \"2023-07-07T16:07:35+00:00\",\n\t            \"breadcrumb\": {\n\t                \"@id\": \"https:\\\/\\\/www.senneville.ca\\\/en\\\/publications\\\/newsletters\\\/register-to-the-newsletter-and-change-your-preferences\\\/#breadcrumb\"\n\t            },\n\t            \"inLanguage\": \"en-US\",\n\t            \"potentialAction\": [\n\t                {\n\t                    \"@type\": \"ReadAction\",\n\t                    \"target\": [\n\t                        \"https:\\\/\\\/www.senneville.ca\\\/en\\\/publications\\\/newsletters\\\/register-to-the-newsletter-and-change-your-preferences\\\/\"\n\t                    ]\n\t                }\n\t            ]\n\t        },\n\t        {\n\t            \"@type\": \"ImageObject\",\n\t            \"inLanguage\": \"en-US\",\n\t            \"@id\": \"https:\\\/\\\/www.senneville.ca\\\/en\\\/publications\\\/newsletters\\\/register-to-the-newsletter-and-change-your-preferences\\\/#primaryimage\",\n\t            \"url\": \"https:\\\/\\\/stage.tramwaygatineauottawa.ca\\\/wp-content\\\/uploads\\\/2022\\\/06\\\/banner-scaled.jpg\",\n\t            \"contentUrl\": \"https:\\\/\\\/stage.tramwaygatineauottawa.ca\\\/wp-content\\\/uploads\\\/2022\\\/06\\\/banner-scaled.jpg\"\n\t        },\n\t        {\n\t            \"@type\": \"BreadcrumbList\",\n\t            \"@id\": \"https:\\\/\\\/www.senneville.ca\\\/en\\\/publications\\\/newsletters\\\/register-to-the-newsletter-and-change-your-preferences\\\/#breadcrumb\",\n\t            \"itemListElement\": [\n\t                {\n\t                    \"@type\": \"ListItem\",\n\t                    \"position\": 1,\n\t                    \"name\": \"Home\",\n\t                    \"item\": \"https:\\\/\\\/www.senneville.ca\\\/en\\\/\"\n\t                },\n\t                {\n\t                    \"@type\": \"ListItem\",\n\t                    \"position\": 2,\n\t                    \"name\": \"Publications\",\n\t                    \"item\": \"https:\\\/\\\/www.senneville.ca\\\/en\\\/publications\\\/\"\n\t                },\n\t                {\n\t                    \"@type\": \"ListItem\",\n\t                    \"position\": 3,\n\t                    \"name\": \"Newsletter\",\n\t                    \"item\": \"https:\\\/\\\/www.senneville.ca\\\/en\\\/publications\\\/newsletters\\\/\"\n\t                },\n\t                {\n\t                    \"@type\": \"ListItem\",\n\t                    \"position\": 4,\n\t                    \"name\": \"Register to the newsletter and change your preferences\"\n\t                }\n\t            ]\n\t        },\n\t        {\n\t            \"@type\": \"WebSite\",\n\t            \"@id\": \"https:\\\/\\\/www.senneville.ca\\\/en\\\/#website\",\n\t            \"url\": \"https:\\\/\\\/www.senneville.ca\\\/en\\\/\",\n\t            \"name\": \"Village de Senneville\",\n\t            \"description\": \"Bienvenue au Village de Senneville\",\n\t            \"publisher\": {\n\t                \"@id\": \"https:\\\/\\\/www.senneville.ca\\\/en\\\/#organization\"\n\t            },\n\t            \"potentialAction\": [\n\t                {\n\t                    \"@type\": \"SearchAction\",\n\t                    \"target\": {\n\t                        \"@type\": \"EntryPoint\",\n\t                        \"urlTemplate\": \"https:\\\/\\\/www.senneville.ca\\\/en\\\/?s={search_term_string}\"\n\t                    },\n\t                    \"query-input\": {\n\t                        \"@type\": \"PropertyValueSpecification\",\n\t                        \"valueRequired\": true,\n\t                        \"valueName\": \"search_term_string\"\n\t                    }\n\t                }\n\t            ],\n\t            \"inLanguage\": \"en-US\"\n\t        },\n\t        {\n\t            \"@type\": \"Organization\",\n\t            \"@id\": \"https:\\\/\\\/www.senneville.ca\\\/en\\\/#organization\",\n\t            \"name\": \"Village de Senneville\",\n\t            \"alternateName\": \"Senneville\",\n\t            \"url\": \"https:\\\/\\\/www.senneville.ca\\\/en\\\/\",\n\t            \"logo\": {\n\t                \"@type\": \"ImageObject\",\n\t                \"inLanguage\": \"en-US\",\n\t                \"@id\": \"https:\\\/\\\/www.senneville.ca\\\/en\\\/#\\\/schema\\\/logo\\\/image\\\/\",\n\t                \"url\": \"https:\\\/\\\/www.senneville.ca\\\/wp-content\\\/uploads\\\/2022\\\/10\\\/Senneville-logo-Pantone.png\",\n\t                \"contentUrl\": \"https:\\\/\\\/www.senneville.ca\\\/wp-content\\\/uploads\\\/2022\\\/10\\\/Senneville-logo-Pantone.png\",\n\t                \"width\": 1547,\n\t                \"height\": 1810,\n\t                \"caption\": \"Village de Senneville\"\n\t            },\n\t            \"image\": {\n\t                \"@id\": \"https:\\\/\\\/www.senneville.ca\\\/en\\\/#\\\/schema\\\/logo\\\/image\\\/\"\n\t            },\n\t            \"sameAs\": [\n\t                \"https:\\\/\\\/www.facebook.com\\\/senneville.ca\",\n\t                \"https:\\\/\\\/ca.linkedin.com\\\/company\\\/village-de-senneville\",\n\t                \"https:\\\/\\\/www.instagram.com\\\/village_senneville\"\n\t            ]\n\t        }\n\t    ]\n\t}<\/script>\n<!-- \/ Yoast SEO plugin. -->","yoast_head_json":{"title":"Register to the newsletter and change your preferences - Village de Senneville","robots":{"index":"index","follow":"follow","max-snippet":"max-snippet:-1","max-image-preview":"max-image-preview:large","max-video-preview":"max-video-preview:-1"},"canonical":"https:\/\/www.senneville.ca\/en\/publications\/newsletters\/register-to-the-newsletter-and-change-your-preferences\/","og_locale":"en_US","og_type":"article","og_title":"Register to the newsletter and change your preferences - Village de Senneville","og_url":"https:\/\/www.senneville.ca\/en\/publications\/newsletters\/register-to-the-newsletter-and-change-your-preferences\/","og_site_name":"Village de Senneville","article_publisher":"https:\/\/www.facebook.com\/senneville.ca","article_modified_time":"2023-07-07T16:07:35+00:00","og_image":[{"url":"https:\/\/stage.tramwaygatineauottawa.ca\/wp-content\/uploads\/2022\/06\/banner-scaled.jpg","type":"","width":"","height":""}],"twitter_card":"summary_large_image","twitter_misc":{"Est. reading time":"1 minute"},"schema":{"@context":"https:\/\/schema.org","@graph":[{"@type":"WebPage","@id":"https:\/\/www.senneville.ca\/en\/publications\/newsletters\/register-to-the-newsletter-and-change-your-preferences\/","url":"https:\/\/www.senneville.ca\/en\/publications\/newsletters\/register-to-the-newsletter-and-change-your-preferences\/","name":"Register to the newsletter and change your preferences - Village de Senneville","isPartOf":{"@id":"https:\/\/www.senneville.ca\/en\/#website"},"primaryImageOfPage":{"@id":"https:\/\/www.senneville.ca\/en\/publications\/newsletters\/register-to-the-newsletter-and-change-your-preferences\/#primaryimage"},"image":{"@id":"https:\/\/www.senneville.ca\/en\/publications\/newsletters\/register-to-the-newsletter-and-change-your-preferences\/#primaryimage"},"thumbnailUrl":"https:\/\/stage.tramwaygatineauottawa.ca\/wp-content\/uploads\/2022\/06\/banner-scaled.jpg","datePublished":"2022-10-07T18:00:33+00:00","dateModified":"2023-07-07T16:07:35+00:00","breadcrumb":{"@id":"https:\/\/www.senneville.ca\/en\/publications\/newsletters\/register-to-the-newsletter-and-change-your-preferences\/#breadcrumb"},"inLanguage":"en-US","potentialAction":[{"@type":"ReadAction","target":["https:\/\/www.senneville.ca\/en\/publications\/newsletters\/register-to-the-newsletter-and-change-your-preferences\/"]}]},{"@type":"ImageObject","inLanguage":"en-US","@id":"https:\/\/www.senneville.ca\/en\/publications\/newsletters\/register-to-the-newsletter-and-change-your-preferences\/#primaryimage","url":"https:\/\/stage.tramwaygatineauottawa.ca\/wp-content\/uploads\/2022\/06\/banner-scaled.jpg","contentUrl":"https:\/\/stage.tramwaygatineauottawa.ca\/wp-content\/uploads\/2022\/06\/banner-scaled.jpg"},{"@type":"BreadcrumbList","@id":"https:\/\/www.senneville.ca\/en\/publications\/newsletters\/register-to-the-newsletter-and-change-your-preferences\/#breadcrumb","itemListElement":[{"@type":"ListItem","position":1,"name":"Home","item":"https:\/\/www.senneville.ca\/en\/"},{"@type":"ListItem","position":2,"name":"Publications","item":"https:\/\/www.senneville.ca\/en\/publications\/"},{"@type":"ListItem","position":3,"name":"Newsletter","item":"https:\/\/www.senneville.ca\/en\/publications\/newsletters\/"},{"@type":"ListItem","position":4,"name":"Register to the newsletter and change your preferences"}]},{"@type":"WebSite","@id":"https:\/\/www.senneville.ca\/en\/#website","url":"https:\/\/www.senneville.ca\/en\/","name":"Village de Senneville","description":"Bienvenue au Village de Senneville","publisher":{"@id":"https:\/\/www.senneville.ca\/en\/#organization"},"potentialAction":[{"@type":"SearchAction","target":{"@type":"EntryPoint","urlTemplate":"https:\/\/www.senneville.ca\/en\/?s={search_term_string}"},"query-input":{"@type":"PropertyValueSpecification","valueRequired":true,"valueName":"search_term_string"}}],"inLanguage":"en-US"},{"@type":"Organization","@id":"https:\/\/www.senneville.ca\/en\/#organization","name":"Village de Senneville","alternateName":"Senneville","url":"https:\/\/www.senneville.ca\/en\/","logo":{"@type":"ImageObject","inLanguage":"en-US","@id":"https:\/\/www.senneville.ca\/en\/#\/schema\/logo\/image\/","url":"https:\/\/www.senneville.ca\/wp-content\/uploads\/2022\/10\/Senneville-logo-Pantone.png","contentUrl":"https:\/\/www.senneville.ca\/wp-content\/uploads\/2022\/10\/Senneville-logo-Pantone.png","width":1547,"height":1810,"caption":"Village de Senneville"},"image":{"@id":"https:\/\/www.senneville.ca\/en\/#\/schema\/logo\/image\/"},"sameAs":["https:\/\/www.facebook.com\/senneville.ca","https:\/\/ca.linkedin.com\/company\/village-de-senneville","https:\/\/www.instagram.com\/village_senneville"]}]}},"_links":{"self":[{"href":"https:\/\/www.senneville.ca\/en\/wp-json\/wp\/v2\/pages\/6449","targetHints":{"allow":["GET"]}}],"collection":[{"href":"https:\/\/www.senneville.ca\/en\/wp-json\/wp\/v2\/pages"}],"about":[{"href":"https:\/\/www.senneville.ca\/en\/wp-json\/wp\/v2\/types\/page"}],"author":[{"embeddable":true,"href":"https:\/\/www.senneville.ca\/en\/wp-json\/wp\/v2\/users\/1"}],"replies":[{"embeddable":true,"href":"https:\/\/www.senneville.ca\/en\/wp-json\/wp\/v2\/comments?post=6449"}],"version-history":[{"count":0,"href":"https:\/\/www.senneville.ca\/en\/wp-json\/wp\/v2\/pages\/6449\/revisions"}],"up":[{"embeddable":true,"href":"https:\/\/www.senneville.ca\/en\/wp-json\/wp\/v2\/pages\/1980"}],"wp:attachment":[{"href":"https:\/\/www.senneville.ca\/en\/wp-json\/wp\/v2\/media?parent=6449"}],"curies":[{"name":"wp","href":"https:\/\/api.w.org\/{rel}","templated":true}]}}