{"id":1786,"date":"2022-09-12T03:41:31","date_gmt":"2022-09-12T07:41:31","guid":{"rendered":"https:\/\/www.senneville.ca\/services\/clerks-office\/access-to-information\/"},"modified":"2023-06-19T10:38:41","modified_gmt":"2023-06-19T14:38:41","slug":"access-to-information","status":"publish","type":"page","link":"https:\/\/www.senneville.ca\/en\/services\/clerks-office\/access-to-information\/","title":{"rendered":"Access to information"},"content":{"rendered":"\n<div class=\"wp-block-cover alignfull is-light is-style-title-banner\"><span aria-hidden=\"true\" class=\"wp-block-cover__background has-background-dim\"><\/span><img decoding=\"async\" width=\"1707\" height=\"2560\" class=\"wp-block-cover__image-background wp-image-5407 lazyload\" alt=\"\" data-src=\"https:\/\/www.senneville.ca\/wp-content\/uploads\/2023\/05\/alexander-grey-tn57JI3CewI-unsplash-scaled.jpg\" data-object-fit=\"cover\" data-srcset=\"https:\/\/www.senneville.ca\/wp-content\/uploads\/2023\/05\/alexander-grey-tn57JI3CewI-unsplash-scaled.jpg 1707w, https:\/\/www.senneville.ca\/wp-content\/uploads\/2023\/05\/alexander-grey-tn57JI3CewI-unsplash-200x300.jpg 200w, https:\/\/www.senneville.ca\/wp-content\/uploads\/2023\/05\/alexander-grey-tn57JI3CewI-unsplash-683x1024.jpg 683w, https:\/\/www.senneville.ca\/wp-content\/uploads\/2023\/05\/alexander-grey-tn57JI3CewI-unsplash-768x1152.jpg 768w, https:\/\/www.senneville.ca\/wp-content\/uploads\/2023\/05\/alexander-grey-tn57JI3CewI-unsplash-1024x1536.jpg 1024w, https:\/\/www.senneville.ca\/wp-content\/uploads\/2023\/05\/alexander-grey-tn57JI3CewI-unsplash-1365x2048.jpg 1365w\" data-sizes=\"(max-width: 1707px) 100vw, 1707px\" src=\"data:image\/svg+xml;base64,PHN2ZyB3aWR0aD0iMSIgaGVpZ2h0PSIxIiB4bWxucz0iaHR0cDovL3d3dy53My5vcmcvMjAwMC9zdmciPjwvc3ZnPg==\" style=\"--smush-placeholder-width: 1707px; --smush-placeholder-aspect-ratio: 1707\/2560;\" \/><div class=\"wp-block-cover__inner-container\"><h3 class=\"wp-block-post-title\">Access to information<\/h3><\/div><\/div>\n\n\n\n<div class=\"wp-block-group alignfull has-padding-y-large has-primary-03-background-color has-background\"><div class=\"yoast-breadcrumbs alignwide \"><span class=\"breadcrumbs\"><a href=\"https:\/\/www.senneville.ca\/en\/\" class=\"breadcrumbs__element\">Home<\/a> <span class=\"breadcrumbs__separator\">\n        <svg class=\"icon icon-breadcrumb__separator\"><use xlink:href=\"#icon-breadcrumb__separator\"><\/use><\/svg>\n    <\/span> <a href=\"https:\/\/www.senneville.ca\/en\/services\/\" class=\"breadcrumbs__element\">Services<\/a> <span class=\"breadcrumbs__separator\">\n        <svg class=\"icon icon-breadcrumb__separator\"><use xlink:href=\"#icon-breadcrumb__separator\"><\/use><\/svg>\n    <\/span> <a href=\"https:\/\/www.senneville.ca\/en\/services\/clerks-office\/\" class=\"breadcrumbs__element\">Clerks office<\/a> <span class=\"breadcrumbs__separator\">\n        <svg class=\"icon icon-breadcrumb__separator\"><use xlink:href=\"#icon-breadcrumb__separator\"><\/use><\/svg>\n    <\/span> <span class=\"breadcrumbs__element breadcrumbs__element-current\">Access to information<\/span><\/span><\/div><\/div>\n\n\n\n<div class=\"wp-block-group alignfull is-style-bg-gradient\">\n<h1 class=\"wp-block-heading\">Access to documents and protection of personal information<\/h1>\n\n\n\n\n\n<p>Being a public body, the Village of Senneville is subject to the <em>Act respecting Access to documents held by public bodies and the Protection of personal information.<\/em><\/p>\n\n\n\n<p>The right of access to documents applies to all documents held by the public body. However, certain restrictions apply with respect to the protection of personal information, impacts on public security, administrative or political decisions.<\/p>\n\n\n\n<p>A request for access to a document must be addressed to the Village of Senneville under the care of the Town clerk, responsible for the Access to the documents and the nature and object must be clearly indicated in the said-request. You may submit a written request, in person, <a href=\"https:\/\/senneville.edemandes.com\/en\/create\/QS\/GRDS-001\">online request system<\/a> or by mail at the following address:<\/p>\n\n\n\n<p>Town Clerk &#8211; Person responsible for the Access to documents\nVillage of Senneville\n35 Senneville Road\nSenneville (Qu\u00e9bec) H9X 1B8\n<\/p>\n\n\n\n<p>You may also send your request by fax at <a href=\"fax:514-457-0447\" target=\"_blank\" rel=\"noreferrer noopener\">514-457-0447<\/a>.<\/p>\n\n\n\n<p>The town clerk will then study the request and render a decision in writing.<\/p>\n\n\n\n<p>The town clerk has 20 days to render a decision and if necessary, has the possibility of extending the delay by an additional 10 days. If you do not receive a reply by that time or if your request is denied, you may appeal the decision to the <em>Commission d&#8217;acc\u00e8s \u00e0 l&#8217;information<\/em>:<\/p>\n\n\n\n<p>Commission d&#8217;acc\u00e8s \u00e0 l&#8217;information<br>480, Saint-Laurent Blvd, bureau 501<br>Montr\u00e9al (Quebec) H2Y 3Y7<br>Telephone : <a href=\"tel:514-873-4196\" target=\"_blank\" rel=\"noreferrer noopener\">514-873-4196<\/a><br><a href=\"https:\/\/www.cai.gouv.qc.ca\/english\/\">https:\/\/www.cai.gouv.qc.ca\/english\/<\/a><\/p>\n\n\n\n<p>The request may be made in writing or verbally, but only a decision pertaining to a written request may be reviewed by the <em>Commission d&#8217;acc\u00e8s \u00e0 l&#8217;information du Qu\u00e9bec<\/em>.<\/p>\n<\/div>\n","protected":false},"excerpt":{"rendered":"<p>Access to documents and protection of personal information Being a public body, the Village of Senneville is subject to the Act respecting Access to documents held by public bodies and the Protection of personal information. The right of access to documents applies to all documents held by the public body. However, certain restrictions apply with [&hellip;]<\/p>\n","protected":false},"author":1,"featured_media":0,"parent":1784,"menu_order":0,"comment_status":"closed","ping_status":"closed","template":"","meta":{"_acf_changed":false,"inline_featured_image":false,"footnotes":""},"class_list":["post-1786","page","type-page","status-publish","hentry"],"acf":[],"yoast_head":"<!-- This site is optimized with the Yoast SEO plugin v27.5 - https:\/\/yoast.com\/product\/yoast-seo-wordpress\/ -->\n<title>Access to information - Village de Senneville<\/title>\n<meta name=\"robots\" content=\"index, follow, max-snippet:-1, max-image-preview:large, max-video-preview:-1\" \/>\n<link rel=\"canonical\" href=\"https:\/\/www.senneville.ca\/en\/services\/clerks-office\/access-to-information\/\" \/>\n<meta property=\"og:locale\" content=\"en_US\" \/>\n<meta property=\"og:type\" content=\"article\" \/>\n<meta property=\"og:title\" content=\"Access to information - Village de Senneville\" \/>\n<meta property=\"og:description\" content=\"Access to documents and protection of personal information Being a public body, the Village of Senneville is subject to the Act respecting Access to documents held by public bodies and the Protection of personal information. The right of access to documents applies to all documents held by the public body. However, certain restrictions apply with [&hellip;]\" \/>\n<meta property=\"og:url\" content=\"https:\/\/www.senneville.ca\/en\/services\/clerks-office\/access-to-information\/\" \/>\n<meta property=\"og:site_name\" content=\"Village de Senneville\" \/>\n<meta property=\"article:publisher\" content=\"https:\/\/www.facebook.com\/senneville.ca\" \/>\n<meta property=\"article:modified_time\" content=\"2023-06-19T14:38:41+00:00\" \/>\n<meta property=\"og:image\" content=\"https:\/\/www.senneville.ca\/wp-content\/uploads\/2023\/05\/alexander-grey-tn57JI3CewI-unsplash-scaled.jpg\" \/>\n<meta name=\"twitter:card\" content=\"summary_large_image\" \/>\n<meta name=\"twitter:label1\" content=\"Est. reading time\" \/>\n\t<meta name=\"twitter:data1\" content=\"2 minutes\" \/>\n<script type=\"application\/ld+json\" class=\"yoast-schema-graph\">{\n\t    \"@context\": \"https:\\\/\\\/schema.org\",\n\t    \"@graph\": [\n\t        {\n\t            \"@type\": \"WebPage\",\n\t            \"@id\": \"https:\\\/\\\/www.senneville.ca\\\/en\\\/services\\\/clerks-office\\\/access-to-information\\\/\",\n\t            \"url\": \"https:\\\/\\\/www.senneville.ca\\\/en\\\/services\\\/clerks-office\\\/access-to-information\\\/\",\n\t            \"name\": \"Access to information - Village de Senneville\",\n\t            \"isPartOf\": {\n\t                \"@id\": \"https:\\\/\\\/www.senneville.ca\\\/en\\\/#website\"\n\t            },\n\t            \"primaryImageOfPage\": {\n\t                \"@id\": \"https:\\\/\\\/www.senneville.ca\\\/en\\\/services\\\/clerks-office\\\/access-to-information\\\/#primaryimage\"\n\t            },\n\t            \"image\": {\n\t                \"@id\": \"https:\\\/\\\/www.senneville.ca\\\/en\\\/services\\\/clerks-office\\\/access-to-information\\\/#primaryimage\"\n\t            },\n\t            \"thumbnailUrl\": \"https:\\\/\\\/www.senneville.ca\\\/wp-content\\\/uploads\\\/2023\\\/05\\\/alexander-grey-tn57JI3CewI-unsplash-scaled.jpg\",\n\t            \"datePublished\": \"2022-09-12T07:41:31+00:00\",\n\t            \"dateModified\": \"2023-06-19T14:38:41+00:00\",\n\t            \"breadcrumb\": {\n\t                \"@id\": \"https:\\\/\\\/www.senneville.ca\\\/en\\\/services\\\/clerks-office\\\/access-to-information\\\/#breadcrumb\"\n\t            },\n\t            \"inLanguage\": \"en-US\",\n\t            \"potentialAction\": [\n\t                {\n\t                    \"@type\": \"ReadAction\",\n\t                    \"target\": [\n\t                        \"https:\\\/\\\/www.senneville.ca\\\/en\\\/services\\\/clerks-office\\\/access-to-information\\\/\"\n\t                    ]\n\t                }\n\t            ]\n\t        },\n\t        {\n\t            \"@type\": \"ImageObject\",\n\t            \"inLanguage\": \"en-US\",\n\t            \"@id\": \"https:\\\/\\\/www.senneville.ca\\\/en\\\/services\\\/clerks-office\\\/access-to-information\\\/#primaryimage\",\n\t            \"url\": \"https:\\\/\\\/www.senneville.ca\\\/wp-content\\\/uploads\\\/2023\\\/05\\\/alexander-grey-tn57JI3CewI-unsplash-scaled.jpg\",\n\t            \"contentUrl\": \"https:\\\/\\\/www.senneville.ca\\\/wp-content\\\/uploads\\\/2023\\\/05\\\/alexander-grey-tn57JI3CewI-unsplash-scaled.jpg\"\n\t        },\n\t        {\n\t            \"@type\": \"BreadcrumbList\",\n\t            \"@id\": \"https:\\\/\\\/www.senneville.ca\\\/en\\\/services\\\/clerks-office\\\/access-to-information\\\/#breadcrumb\",\n\t            \"itemListElement\": [\n\t                {\n\t                    \"@type\": \"ListItem\",\n\t                    \"position\": 1,\n\t                    \"name\": \"Home\",\n\t                    \"item\": \"https:\\\/\\\/www.senneville.ca\\\/en\\\/\"\n\t                },\n\t                {\n\t                    \"@type\": \"ListItem\",\n\t                    \"position\": 2,\n\t                    \"name\": \"Services\",\n\t                    \"item\": \"https:\\\/\\\/www.senneville.ca\\\/en\\\/services\\\/\"\n\t                },\n\t                {\n\t                    \"@type\": \"ListItem\",\n\t                    \"position\": 3,\n\t                    \"name\": \"Clerks office\",\n\t                    \"item\": \"https:\\\/\\\/www.senneville.ca\\\/en\\\/services\\\/clerks-office\\\/\"\n\t                },\n\t                {\n\t                    \"@type\": \"ListItem\",\n\t                    \"position\": 4,\n\t                    \"name\": \"Access to information\"\n\t                }\n\t            ]\n\t        },\n\t        {\n\t            \"@type\": \"WebSite\",\n\t            \"@id\": \"https:\\\/\\\/www.senneville.ca\\\/en\\\/#website\",\n\t            \"url\": \"https:\\\/\\\/www.senneville.ca\\\/en\\\/\",\n\t            \"name\": \"Village de Senneville\",\n\t            \"description\": \"Bienvenue au Village de Senneville\",\n\t            \"publisher\": {\n\t                \"@id\": \"https:\\\/\\\/www.senneville.ca\\\/en\\\/#organization\"\n\t            },\n\t            \"potentialAction\": [\n\t                {\n\t                    \"@type\": \"SearchAction\",\n\t                    \"target\": {\n\t                        \"@type\": \"EntryPoint\",\n\t                        \"urlTemplate\": \"https:\\\/\\\/www.senneville.ca\\\/en\\\/?s={search_term_string}\"\n\t                    },\n\t                    \"query-input\": {\n\t                        \"@type\": \"PropertyValueSpecification\",\n\t                        \"valueRequired\": true,\n\t                        \"valueName\": \"search_term_string\"\n\t                    }\n\t                }\n\t            ],\n\t            \"inLanguage\": \"en-US\"\n\t        },\n\t        {\n\t            \"@type\": \"Organization\",\n\t            \"@id\": \"https:\\\/\\\/www.senneville.ca\\\/en\\\/#organization\",\n\t            \"name\": \"Village de Senneville\",\n\t            \"alternateName\": \"Senneville\",\n\t            \"url\": \"https:\\\/\\\/www.senneville.ca\\\/en\\\/\",\n\t            \"logo\": {\n\t                \"@type\": \"ImageObject\",\n\t                \"inLanguage\": \"en-US\",\n\t                \"@id\": \"https:\\\/\\\/www.senneville.ca\\\/en\\\/#\\\/schema\\\/logo\\\/image\\\/\",\n\t                \"url\": \"https:\\\/\\\/www.senneville.ca\\\/wp-content\\\/uploads\\\/2022\\\/10\\\/Senneville-logo-Pantone.png\",\n\t                \"contentUrl\": \"https:\\\/\\\/www.senneville.ca\\\/wp-content\\\/uploads\\\/2022\\\/10\\\/Senneville-logo-Pantone.png\",\n\t                \"width\": 1547,\n\t                \"height\": 1810,\n\t                \"caption\": \"Village de Senneville\"\n\t            },\n\t            \"image\": {\n\t                \"@id\": \"https:\\\/\\\/www.senneville.ca\\\/en\\\/#\\\/schema\\\/logo\\\/image\\\/\"\n\t            },\n\t            \"sameAs\": [\n\t                \"https:\\\/\\\/www.facebook.com\\\/senneville.ca\",\n\t                \"https:\\\/\\\/ca.linkedin.com\\\/company\\\/village-de-senneville\",\n\t                \"https:\\\/\\\/www.instagram.com\\\/village_senneville\"\n\t            ]\n\t        }\n\t    ]\n\t}<\/script>\n<!-- \/ Yoast SEO plugin. -->","yoast_head_json":{"title":"Access to information - Village de Senneville","robots":{"index":"index","follow":"follow","max-snippet":"max-snippet:-1","max-image-preview":"max-image-preview:large","max-video-preview":"max-video-preview:-1"},"canonical":"https:\/\/www.senneville.ca\/en\/services\/clerks-office\/access-to-information\/","og_locale":"en_US","og_type":"article","og_title":"Access to information - Village de Senneville","og_description":"Access to documents and protection of personal information Being a public body, the Village of Senneville is subject to the Act respecting Access to documents held by public bodies and the Protection of personal information. The right of access to documents applies to all documents held by the public body. However, certain restrictions apply with [&hellip;]","og_url":"https:\/\/www.senneville.ca\/en\/services\/clerks-office\/access-to-information\/","og_site_name":"Village de Senneville","article_publisher":"https:\/\/www.facebook.com\/senneville.ca","article_modified_time":"2023-06-19T14:38:41+00:00","og_image":[{"url":"https:\/\/www.senneville.ca\/wp-content\/uploads\/2023\/05\/alexander-grey-tn57JI3CewI-unsplash-scaled.jpg","type":"","width":"","height":""}],"twitter_card":"summary_large_image","twitter_misc":{"Est. reading time":"2 minutes"},"schema":{"@context":"https:\/\/schema.org","@graph":[{"@type":"WebPage","@id":"https:\/\/www.senneville.ca\/en\/services\/clerks-office\/access-to-information\/","url":"https:\/\/www.senneville.ca\/en\/services\/clerks-office\/access-to-information\/","name":"Access to information - Village de Senneville","isPartOf":{"@id":"https:\/\/www.senneville.ca\/en\/#website"},"primaryImageOfPage":{"@id":"https:\/\/www.senneville.ca\/en\/services\/clerks-office\/access-to-information\/#primaryimage"},"image":{"@id":"https:\/\/www.senneville.ca\/en\/services\/clerks-office\/access-to-information\/#primaryimage"},"thumbnailUrl":"https:\/\/www.senneville.ca\/wp-content\/uploads\/2023\/05\/alexander-grey-tn57JI3CewI-unsplash-scaled.jpg","datePublished":"2022-09-12T07:41:31+00:00","dateModified":"2023-06-19T14:38:41+00:00","breadcrumb":{"@id":"https:\/\/www.senneville.ca\/en\/services\/clerks-office\/access-to-information\/#breadcrumb"},"inLanguage":"en-US","potentialAction":[{"@type":"ReadAction","target":["https:\/\/www.senneville.ca\/en\/services\/clerks-office\/access-to-information\/"]}]},{"@type":"ImageObject","inLanguage":"en-US","@id":"https:\/\/www.senneville.ca\/en\/services\/clerks-office\/access-to-information\/#primaryimage","url":"https:\/\/www.senneville.ca\/wp-content\/uploads\/2023\/05\/alexander-grey-tn57JI3CewI-unsplash-scaled.jpg","contentUrl":"https:\/\/www.senneville.ca\/wp-content\/uploads\/2023\/05\/alexander-grey-tn57JI3CewI-unsplash-scaled.jpg"},{"@type":"BreadcrumbList","@id":"https:\/\/www.senneville.ca\/en\/services\/clerks-office\/access-to-information\/#breadcrumb","itemListElement":[{"@type":"ListItem","position":1,"name":"Home","item":"https:\/\/www.senneville.ca\/en\/"},{"@type":"ListItem","position":2,"name":"Services","item":"https:\/\/www.senneville.ca\/en\/services\/"},{"@type":"ListItem","position":3,"name":"Clerks office","item":"https:\/\/www.senneville.ca\/en\/services\/clerks-office\/"},{"@type":"ListItem","position":4,"name":"Access to information"}]},{"@type":"WebSite","@id":"https:\/\/www.senneville.ca\/en\/#website","url":"https:\/\/www.senneville.ca\/en\/","name":"Village de Senneville","description":"Bienvenue au Village de Senneville","publisher":{"@id":"https:\/\/www.senneville.ca\/en\/#organization"},"potentialAction":[{"@type":"SearchAction","target":{"@type":"EntryPoint","urlTemplate":"https:\/\/www.senneville.ca\/en\/?s={search_term_string}"},"query-input":{"@type":"PropertyValueSpecification","valueRequired":true,"valueName":"search_term_string"}}],"inLanguage":"en-US"},{"@type":"Organization","@id":"https:\/\/www.senneville.ca\/en\/#organization","name":"Village de Senneville","alternateName":"Senneville","url":"https:\/\/www.senneville.ca\/en\/","logo":{"@type":"ImageObject","inLanguage":"en-US","@id":"https:\/\/www.senneville.ca\/en\/#\/schema\/logo\/image\/","url":"https:\/\/www.senneville.ca\/wp-content\/uploads\/2022\/10\/Senneville-logo-Pantone.png","contentUrl":"https:\/\/www.senneville.ca\/wp-content\/uploads\/2022\/10\/Senneville-logo-Pantone.png","width":1547,"height":1810,"caption":"Village de Senneville"},"image":{"@id":"https:\/\/www.senneville.ca\/en\/#\/schema\/logo\/image\/"},"sameAs":["https:\/\/www.facebook.com\/senneville.ca","https:\/\/ca.linkedin.com\/company\/village-de-senneville","https:\/\/www.instagram.com\/village_senneville"]}]}},"_links":{"self":[{"href":"https:\/\/www.senneville.ca\/en\/wp-json\/wp\/v2\/pages\/1786","targetHints":{"allow":["GET"]}}],"collection":[{"href":"https:\/\/www.senneville.ca\/en\/wp-json\/wp\/v2\/pages"}],"about":[{"href":"https:\/\/www.senneville.ca\/en\/wp-json\/wp\/v2\/types\/page"}],"author":[{"embeddable":true,"href":"https:\/\/www.senneville.ca\/en\/wp-json\/wp\/v2\/users\/1"}],"replies":[{"embeddable":true,"href":"https:\/\/www.senneville.ca\/en\/wp-json\/wp\/v2\/comments?post=1786"}],"version-history":[{"count":0,"href":"https:\/\/www.senneville.ca\/en\/wp-json\/wp\/v2\/pages\/1786\/revisions"}],"up":[{"embeddable":true,"href":"https:\/\/www.senneville.ca\/en\/wp-json\/wp\/v2\/pages\/1784"}],"wp:attachment":[{"href":"https:\/\/www.senneville.ca\/en\/wp-json\/wp\/v2\/media?parent=1786"}],"curies":[{"name":"wp","href":"https:\/\/api.w.org\/{rel}","templated":true}]}}