{"id":1758,"date":"2022-09-12T03:41:23","date_gmt":"2022-09-12T07:41:23","guid":{"rendered":"https:\/\/www.senneville.ca\/emergency\/"},"modified":"2023-06-02T08:13:34","modified_gmt":"2023-06-02T12:13:34","slug":"emergency","status":"publish","type":"page","link":"https:\/\/www.senneville.ca\/en\/services\/emergency-and-public-security\/emergency\/","title":{"rendered":"Emergency"},"content":{"rendered":"\n<div class=\"wp-block-cover alignfull is-style-title-banner\"><span aria-hidden=\"true\" class=\"wp-block-cover__background has-background-dim\"><\/span><img decoding=\"async\" width=\"2121\" height=\"1414\" class=\"wp-block-cover__image-background wp-image-5340 lazyload\" alt=\"\" data-src=\"https:\/\/www.senneville.ca\/wp-content\/uploads\/2023\/05\/IMA_lumieres.jpg\" data-object-fit=\"cover\" data-srcset=\"https:\/\/www.senneville.ca\/wp-content\/uploads\/2023\/05\/IMA_lumieres.jpg 2121w, https:\/\/www.senneville.ca\/wp-content\/uploads\/2023\/05\/IMA_lumieres-300x200.jpg 300w, https:\/\/www.senneville.ca\/wp-content\/uploads\/2023\/05\/IMA_lumieres-1024x683.jpg 1024w, https:\/\/www.senneville.ca\/wp-content\/uploads\/2023\/05\/IMA_lumieres-768x512.jpg 768w, https:\/\/www.senneville.ca\/wp-content\/uploads\/2023\/05\/IMA_lumieres-1536x1024.jpg 1536w, https:\/\/www.senneville.ca\/wp-content\/uploads\/2023\/05\/IMA_lumieres-2048x1365.jpg 2048w\" data-sizes=\"(max-width: 2121px) 100vw, 2121px\" src=\"data:image\/svg+xml;base64,PHN2ZyB3aWR0aD0iMSIgaGVpZ2h0PSIxIiB4bWxucz0iaHR0cDovL3d3dy53My5vcmcvMjAwMC9zdmciPjwvc3ZnPg==\" style=\"--smush-placeholder-width: 2121px; --smush-placeholder-aspect-ratio: 2121\/1414;\" \/><div class=\"wp-block-cover__inner-container\"><h3 class=\"wp-block-post-title\">Emergency<\/h3><\/div><\/div>\n\n\n\n<div class=\"wp-block-group alignfull has-padding-y-large has-primary-03-background-color has-background\"><div class=\"yoast-breadcrumbs alignwide \"><span class=\"breadcrumbs\"><a href=\"https:\/\/www.senneville.ca\/en\/\" class=\"breadcrumbs__element\">Home<\/a> <span class=\"breadcrumbs__separator\">\n        <svg class=\"icon icon-breadcrumb__separator\"><use xlink:href=\"#icon-breadcrumb__separator\"><\/use><\/svg>\n    <\/span> <a href=\"https:\/\/www.senneville.ca\/en\/services\/\" class=\"breadcrumbs__element\">Services<\/a> <span class=\"breadcrumbs__separator\">\n        <svg class=\"icon icon-breadcrumb__separator\"><use xlink:href=\"#icon-breadcrumb__separator\"><\/use><\/svg>\n    <\/span> <a href=\"https:\/\/www.senneville.ca\/en\/services\/emergency-and-public-security\/\" class=\"breadcrumbs__element\">Emergency and Public Security<\/a> <span class=\"breadcrumbs__separator\">\n        <svg class=\"icon icon-breadcrumb__separator\"><use xlink:href=\"#icon-breadcrumb__separator\"><\/use><\/svg>\n    <\/span> <span class=\"breadcrumbs__element breadcrumbs__element-current\">Emergency<\/span><\/span><\/div><\/div>\n\n\n\n<div class=\"wp-block-group alignfull is-style-bg-gradient\">\n<h1 class=\"wp-block-heading\">Emergency<\/h1>\n\n\n\n<h2 class=\"wp-block-heading\">Fire<\/h2>\n\n\n\n<p>The &#8221;Service de s\u00e9curit\u00e9 incendie de Montr\u00e9al (SIM)&#8221; has the responsibility to serve the entire territory of the Village of Senneville.  Its mission is fighting fires and rescuing in such situations.<\/p>\n\n\n\n<p>As part of its mission, the SIM is to assess any risks associated to fires and other disasters, overseeing disaster prevention, organizing rescue missions and investigating the point of origin, the circumstances and probable causes of a fire.<\/p>\n\n\n\n<p>It is also responsible for fighting against other types of disasters, rescuing accident victims and helping people affected by disaster and emergency relief.\n\n<strong>Knowing we can count on an intervention brigade at all times,  one must keep in mind that security is also a matter of prevention &#8230; that concerns us all!<\/strong><\/p>\n\n\n\n<p><strong>Station 51 550 Anciens-Combattants Boulevard  Sainte-Anne-de-Bellevue (Qu\u00e9bec) H9X 3W1<\/strong><\/p>\n\n\n\n<p><strong> Telephone : <a href=\"tel:514-280-0871\" target=\"_blank\" rel=\"noreferrer noopener\">514 280-0871<\/a><\/strong> <\/p>\n\n\n\n<p>The Fire Station in Sainte-Anne-de-Bellevue was built in 1994 by the fire departments of Sainte-Anne-de-Bellevue and Senneville. Following the integration of  22 fire safety services on the island of Montreal in 2002, it became the first Fire Station 51.<\/p>\n\n\n\n<p>In 2012, the Village of Senneville adopted <a href=\"https:\/\/villagesenneville.qc.ca\/medias\/files\/pdf\/R%C3%A8glement%20431-1%20Pr%C3%A9vention%20des%20incendies.pdf\"> by-law number 431<\/a> concerning fire safety on the territory of the Village of Senneville.<\/p>\n\n\n\n<p>Visit the <a href=\"http:\/\/ville.montreal.qc.ca\/sim\/en\">Service de s\u00e9curit\u00e9 incendie de Montr\u00e9al (SIM)<\/a>  website to view prevention tips.<\/p>\n\n\n\n<h3 class=\"wp-block-heading\">Smoke detectors<\/h3>\n\n\n\n<p>We cannot emphasize enough: a smoke alarm in good condition can make the difference between life and death. In fact, this smoke detector is watching over you and your family 24\/7.<\/p>\n\n\n\n<p>Any building owner must install a sufficient number of smoke alarms and, most importantly maintain them in functional order at all times.<\/p>\n\n\n\n<h2 class=\"wp-block-heading\">Police<\/h2>\n\n\n\n<p>The City of Montreal&#8217;s police department (SPVM) is responsible for the police service throughout the territory of the Village of Senneville.<\/p>\n\n\n\n<p><strong>NEIGHBOURHOOD POLICE STATION \u2013 STATION 1<br>2883, St-Charles Boulevard<br>Kirkland (Quebec) H9H 3B5<br>Phone number: <a href=\"tel:514-280-0101\" target=\"_blank\" rel=\"noreferrer noopener\">514-280-0101<\/a><br>SPVM website: <a href=\"https:\/\/www.spvm.qc.ca\/fr\">https:\/\/www.spvm.qc.ca\/en<\/a><\/strong><\/p>\n\n\n\n<h3 class=\"wp-block-heading\">Criminal Acts<\/h3>\n\n\n\n<p>The Service de police de la Ville de Montr\u00e9al (SPVM) crime map:<br><a href=\"https:\/\/ville.montreal.qc.ca\/vuesurlasecuritepublique\/\">Crime mapping tool<\/a> (French only)<\/p>\n\n\n\n<p>We invite you to report a safety problem directly on the website of the PDQ 1 &#8211; Service de police de la Ville de Montr\u00e9al (SPVM).<\/p>\n\n\n\n<p><a href=\"https:\/\/spvm.qc.ca\/en\/Contact\/SecuriteRoutiere?Pdq=1\"><strong>Report a safety problem<\/strong><\/a><\/p>\n\n\n\n<p><a href=\"http:\/\/villagesenneville.qc.ca\/medias\/files\/pdf\/Communique_PDQ1_comment_nous_rejoindre_2018.pdf\">How to report a safety problem<\/a> (French only)<\/p>\n\n\n\n<h2 class=\"wp-block-heading\">IMPORTANT EMERGENCY NUMBERS:<\/h2>\n\n\n\n<figure class=\"wp-block-table\"><table><tbody><tr><td>Police, Fire, Ambulance, Hydro-Quebec, Gaz Metropolitain<\/td><td><a href=\"tel:911\" target=\"_blank\" rel=\"noreferrer noopener\">9-1-1<\/a><\/td><\/tr><tr><td>Police (NON URGENT CALLS)<\/td><td><a href=\"tel:514-280-2222\" target=\"_blank\" rel=\"noreferrer noopener\">514-280-2222<\/a><\/td><\/tr><tr><td>Hazardous road conditions (Police)<\/td><td><a href=\"tel:514-280-0101\" target=\"_blank\" rel=\"noreferrer noopener\">514-280-0101<\/a><\/td><\/tr><tr><td>Emergency number after hours<\/td><td><a href=\"tel:514-630-1234\" target=\"_blank\" rel=\"noreferrer noopener\">514-630-1234<\/a><\/td><\/tr><tr><td>Poison control centre<\/td><td><a href=\"tel:1-800-463-5060\" target=\"_blank\" rel=\"noreferrer noopener\">1-800-463-5060<\/a><\/td><\/tr><\/tbody><\/table><\/figure>\n<\/div>\n","protected":false},"excerpt":{"rendered":"<p>Emergency Fire The &#8221;Service de s\u00e9curit\u00e9 incendie de Montr\u00e9al (SIM)&#8221; has the responsibility to serve the entire territory of the Village of Senneville. Its mission is fighting fires and rescuing in such situations. As part of its mission, the SIM is to assess any risks associated to fires and other disasters, overseeing disaster prevention, organizing [&hellip;]<\/p>\n","protected":false},"author":1,"featured_media":0,"parent":1766,"menu_order":0,"comment_status":"closed","ping_status":"closed","template":"","meta":{"_acf_changed":false,"inline_featured_image":false,"footnotes":""},"class_list":["post-1758","page","type-page","status-publish","hentry"],"acf":[],"yoast_head":"<!-- This site is optimized with the Yoast SEO plugin v27.3 - https:\/\/yoast.com\/product\/yoast-seo-wordpress\/ -->\n<title>Emergency - Village de Senneville<\/title>\n<meta name=\"robots\" content=\"index, follow, max-snippet:-1, max-image-preview:large, max-video-preview:-1\" \/>\n<link rel=\"canonical\" href=\"https:\/\/www.senneville.ca\/en\/services\/emergency-and-public-security\/emergency\/\" \/>\n<meta property=\"og:locale\" content=\"en_US\" \/>\n<meta property=\"og:type\" content=\"article\" \/>\n<meta property=\"og:title\" content=\"Emergency - Village de Senneville\" \/>\n<meta property=\"og:description\" content=\"Emergency Fire The &#8221;Service de s\u00e9curit\u00e9 incendie de Montr\u00e9al (SIM)&#8221; has the responsibility to serve the entire territory of the Village of Senneville. Its mission is fighting fires and rescuing in such situations. As part of its mission, the SIM is to assess any risks associated to fires and other disasters, overseeing disaster prevention, organizing [&hellip;]\" \/>\n<meta property=\"og:url\" content=\"https:\/\/www.senneville.ca\/en\/services\/emergency-and-public-security\/emergency\/\" \/>\n<meta property=\"og:site_name\" content=\"Village de Senneville\" \/>\n<meta property=\"article:publisher\" content=\"https:\/\/www.facebook.com\/senneville.ca\" \/>\n<meta property=\"article:modified_time\" content=\"2023-06-02T12:13:34+00:00\" \/>\n<meta property=\"og:image\" content=\"https:\/\/www.senneville.ca\/wp-content\/uploads\/2023\/05\/IMA_lumieres.jpg\" \/>\n<meta name=\"twitter:card\" content=\"summary_large_image\" \/>\n<meta name=\"twitter:label1\" content=\"Est. reading time\" \/>\n\t<meta name=\"twitter:data1\" content=\"2 minutes\" \/>\n<script type=\"application\/ld+json\" class=\"yoast-schema-graph\">{\n\t    \"@context\": \"https:\\\/\\\/schema.org\",\n\t    \"@graph\": [\n\t        {\n\t            \"@type\": \"WebPage\",\n\t            \"@id\": \"https:\\\/\\\/www.senneville.ca\\\/en\\\/services\\\/emergency-and-public-security\\\/emergency\\\/\",\n\t            \"url\": \"https:\\\/\\\/www.senneville.ca\\\/en\\\/services\\\/emergency-and-public-security\\\/emergency\\\/\",\n\t            \"name\": \"Emergency - Village de Senneville\",\n\t            \"isPartOf\": {\n\t                \"@id\": \"https:\\\/\\\/www.senneville.ca\\\/en\\\/#website\"\n\t            },\n\t            \"primaryImageOfPage\": {\n\t                \"@id\": \"https:\\\/\\\/www.senneville.ca\\\/en\\\/services\\\/emergency-and-public-security\\\/emergency\\\/#primaryimage\"\n\t            },\n\t            \"image\": {\n\t                \"@id\": \"https:\\\/\\\/www.senneville.ca\\\/en\\\/services\\\/emergency-and-public-security\\\/emergency\\\/#primaryimage\"\n\t            },\n\t            \"thumbnailUrl\": \"https:\\\/\\\/www.senneville.ca\\\/wp-content\\\/uploads\\\/2023\\\/05\\\/IMA_lumieres.jpg\",\n\t            \"datePublished\": \"2022-09-12T07:41:23+00:00\",\n\t            \"dateModified\": \"2023-06-02T12:13:34+00:00\",\n\t            \"breadcrumb\": {\n\t                \"@id\": \"https:\\\/\\\/www.senneville.ca\\\/en\\\/services\\\/emergency-and-public-security\\\/emergency\\\/#breadcrumb\"\n\t            },\n\t            \"inLanguage\": \"en-US\",\n\t            \"potentialAction\": [\n\t                {\n\t                    \"@type\": \"ReadAction\",\n\t                    \"target\": [\n\t                        \"https:\\\/\\\/www.senneville.ca\\\/en\\\/services\\\/emergency-and-public-security\\\/emergency\\\/\"\n\t                    ]\n\t                }\n\t            ]\n\t        },\n\t        {\n\t            \"@type\": \"ImageObject\",\n\t            \"inLanguage\": \"en-US\",\n\t            \"@id\": \"https:\\\/\\\/www.senneville.ca\\\/en\\\/services\\\/emergency-and-public-security\\\/emergency\\\/#primaryimage\",\n\t            \"url\": \"https:\\\/\\\/www.senneville.ca\\\/wp-content\\\/uploads\\\/2023\\\/05\\\/IMA_lumieres.jpg\",\n\t            \"contentUrl\": \"https:\\\/\\\/www.senneville.ca\\\/wp-content\\\/uploads\\\/2023\\\/05\\\/IMA_lumieres.jpg\"\n\t        },\n\t        {\n\t            \"@type\": \"BreadcrumbList\",\n\t            \"@id\": \"https:\\\/\\\/www.senneville.ca\\\/en\\\/services\\\/emergency-and-public-security\\\/emergency\\\/#breadcrumb\",\n\t            \"itemListElement\": [\n\t                {\n\t                    \"@type\": \"ListItem\",\n\t                    \"position\": 1,\n\t                    \"name\": \"Home\",\n\t                    \"item\": \"https:\\\/\\\/www.senneville.ca\\\/en\\\/\"\n\t                },\n\t                {\n\t                    \"@type\": \"ListItem\",\n\t                    \"position\": 2,\n\t                    \"name\": \"Services\",\n\t                    \"item\": \"https:\\\/\\\/www.senneville.ca\\\/en\\\/services\\\/\"\n\t                },\n\t                {\n\t                    \"@type\": \"ListItem\",\n\t                    \"position\": 3,\n\t                    \"name\": \"Emergency and Public Security\",\n\t                    \"item\": \"https:\\\/\\\/www.senneville.ca\\\/en\\\/services\\\/emergency-and-public-security\\\/\"\n\t                },\n\t                {\n\t                    \"@type\": \"ListItem\",\n\t                    \"position\": 4,\n\t                    \"name\": \"Emergency\"\n\t                }\n\t            ]\n\t        },\n\t        {\n\t            \"@type\": \"WebSite\",\n\t            \"@id\": \"https:\\\/\\\/www.senneville.ca\\\/en\\\/#website\",\n\t            \"url\": \"https:\\\/\\\/www.senneville.ca\\\/en\\\/\",\n\t            \"name\": \"Village de Senneville\",\n\t            \"description\": \"Bienvenue au Village de Senneville\",\n\t            \"publisher\": {\n\t                \"@id\": \"https:\\\/\\\/www.senneville.ca\\\/en\\\/#organization\"\n\t            },\n\t            \"potentialAction\": [\n\t                {\n\t                    \"@type\": \"SearchAction\",\n\t                    \"target\": {\n\t                        \"@type\": \"EntryPoint\",\n\t                        \"urlTemplate\": \"https:\\\/\\\/www.senneville.ca\\\/en\\\/?s={search_term_string}\"\n\t                    },\n\t                    \"query-input\": {\n\t                        \"@type\": \"PropertyValueSpecification\",\n\t                        \"valueRequired\": true,\n\t                        \"valueName\": \"search_term_string\"\n\t                    }\n\t                }\n\t            ],\n\t            \"inLanguage\": \"en-US\"\n\t        },\n\t        {\n\t            \"@type\": \"Organization\",\n\t            \"@id\": \"https:\\\/\\\/www.senneville.ca\\\/en\\\/#organization\",\n\t            \"name\": \"Village de Senneville\",\n\t            \"alternateName\": \"Senneville\",\n\t            \"url\": \"https:\\\/\\\/www.senneville.ca\\\/en\\\/\",\n\t            \"logo\": {\n\t                \"@type\": \"ImageObject\",\n\t                \"inLanguage\": \"en-US\",\n\t                \"@id\": \"https:\\\/\\\/www.senneville.ca\\\/en\\\/#\\\/schema\\\/logo\\\/image\\\/\",\n\t                \"url\": \"https:\\\/\\\/www.senneville.ca\\\/wp-content\\\/uploads\\\/2022\\\/10\\\/Senneville-logo-Pantone.png\",\n\t                \"contentUrl\": \"https:\\\/\\\/www.senneville.ca\\\/wp-content\\\/uploads\\\/2022\\\/10\\\/Senneville-logo-Pantone.png\",\n\t                \"width\": 1547,\n\t                \"height\": 1810,\n\t                \"caption\": \"Village de Senneville\"\n\t            },\n\t            \"image\": {\n\t                \"@id\": \"https:\\\/\\\/www.senneville.ca\\\/en\\\/#\\\/schema\\\/logo\\\/image\\\/\"\n\t            },\n\t            \"sameAs\": [\n\t                \"https:\\\/\\\/www.facebook.com\\\/senneville.ca\",\n\t                \"https:\\\/\\\/ca.linkedin.com\\\/company\\\/village-de-senneville\",\n\t                \"https:\\\/\\\/www.instagram.com\\\/village_senneville\"\n\t            ]\n\t        }\n\t    ]\n\t}<\/script>\n<!-- \/ Yoast SEO plugin. -->","yoast_head_json":{"title":"Emergency - Village de Senneville","robots":{"index":"index","follow":"follow","max-snippet":"max-snippet:-1","max-image-preview":"max-image-preview:large","max-video-preview":"max-video-preview:-1"},"canonical":"https:\/\/www.senneville.ca\/en\/services\/emergency-and-public-security\/emergency\/","og_locale":"en_US","og_type":"article","og_title":"Emergency - Village de Senneville","og_description":"Emergency Fire The &#8221;Service de s\u00e9curit\u00e9 incendie de Montr\u00e9al (SIM)&#8221; has the responsibility to serve the entire territory of the Village of Senneville. Its mission is fighting fires and rescuing in such situations. As part of its mission, the SIM is to assess any risks associated to fires and other disasters, overseeing disaster prevention, organizing [&hellip;]","og_url":"https:\/\/www.senneville.ca\/en\/services\/emergency-and-public-security\/emergency\/","og_site_name":"Village de Senneville","article_publisher":"https:\/\/www.facebook.com\/senneville.ca","article_modified_time":"2023-06-02T12:13:34+00:00","og_image":[{"url":"https:\/\/www.senneville.ca\/wp-content\/uploads\/2023\/05\/IMA_lumieres.jpg","type":"","width":"","height":""}],"twitter_card":"summary_large_image","twitter_misc":{"Est. reading time":"2 minutes"},"schema":{"@context":"https:\/\/schema.org","@graph":[{"@type":"WebPage","@id":"https:\/\/www.senneville.ca\/en\/services\/emergency-and-public-security\/emergency\/","url":"https:\/\/www.senneville.ca\/en\/services\/emergency-and-public-security\/emergency\/","name":"Emergency - Village de Senneville","isPartOf":{"@id":"https:\/\/www.senneville.ca\/en\/#website"},"primaryImageOfPage":{"@id":"https:\/\/www.senneville.ca\/en\/services\/emergency-and-public-security\/emergency\/#primaryimage"},"image":{"@id":"https:\/\/www.senneville.ca\/en\/services\/emergency-and-public-security\/emergency\/#primaryimage"},"thumbnailUrl":"https:\/\/www.senneville.ca\/wp-content\/uploads\/2023\/05\/IMA_lumieres.jpg","datePublished":"2022-09-12T07:41:23+00:00","dateModified":"2023-06-02T12:13:34+00:00","breadcrumb":{"@id":"https:\/\/www.senneville.ca\/en\/services\/emergency-and-public-security\/emergency\/#breadcrumb"},"inLanguage":"en-US","potentialAction":[{"@type":"ReadAction","target":["https:\/\/www.senneville.ca\/en\/services\/emergency-and-public-security\/emergency\/"]}]},{"@type":"ImageObject","inLanguage":"en-US","@id":"https:\/\/www.senneville.ca\/en\/services\/emergency-and-public-security\/emergency\/#primaryimage","url":"https:\/\/www.senneville.ca\/wp-content\/uploads\/2023\/05\/IMA_lumieres.jpg","contentUrl":"https:\/\/www.senneville.ca\/wp-content\/uploads\/2023\/05\/IMA_lumieres.jpg"},{"@type":"BreadcrumbList","@id":"https:\/\/www.senneville.ca\/en\/services\/emergency-and-public-security\/emergency\/#breadcrumb","itemListElement":[{"@type":"ListItem","position":1,"name":"Home","item":"https:\/\/www.senneville.ca\/en\/"},{"@type":"ListItem","position":2,"name":"Services","item":"https:\/\/www.senneville.ca\/en\/services\/"},{"@type":"ListItem","position":3,"name":"Emergency and Public Security","item":"https:\/\/www.senneville.ca\/en\/services\/emergency-and-public-security\/"},{"@type":"ListItem","position":4,"name":"Emergency"}]},{"@type":"WebSite","@id":"https:\/\/www.senneville.ca\/en\/#website","url":"https:\/\/www.senneville.ca\/en\/","name":"Village de Senneville","description":"Bienvenue au Village de Senneville","publisher":{"@id":"https:\/\/www.senneville.ca\/en\/#organization"},"potentialAction":[{"@type":"SearchAction","target":{"@type":"EntryPoint","urlTemplate":"https:\/\/www.senneville.ca\/en\/?s={search_term_string}"},"query-input":{"@type":"PropertyValueSpecification","valueRequired":true,"valueName":"search_term_string"}}],"inLanguage":"en-US"},{"@type":"Organization","@id":"https:\/\/www.senneville.ca\/en\/#organization","name":"Village de Senneville","alternateName":"Senneville","url":"https:\/\/www.senneville.ca\/en\/","logo":{"@type":"ImageObject","inLanguage":"en-US","@id":"https:\/\/www.senneville.ca\/en\/#\/schema\/logo\/image\/","url":"https:\/\/www.senneville.ca\/wp-content\/uploads\/2022\/10\/Senneville-logo-Pantone.png","contentUrl":"https:\/\/www.senneville.ca\/wp-content\/uploads\/2022\/10\/Senneville-logo-Pantone.png","width":1547,"height":1810,"caption":"Village de Senneville"},"image":{"@id":"https:\/\/www.senneville.ca\/en\/#\/schema\/logo\/image\/"},"sameAs":["https:\/\/www.facebook.com\/senneville.ca","https:\/\/ca.linkedin.com\/company\/village-de-senneville","https:\/\/www.instagram.com\/village_senneville"]}]}},"_links":{"self":[{"href":"https:\/\/www.senneville.ca\/en\/wp-json\/wp\/v2\/pages\/1758","targetHints":{"allow":["GET"]}}],"collection":[{"href":"https:\/\/www.senneville.ca\/en\/wp-json\/wp\/v2\/pages"}],"about":[{"href":"https:\/\/www.senneville.ca\/en\/wp-json\/wp\/v2\/types\/page"}],"author":[{"embeddable":true,"href":"https:\/\/www.senneville.ca\/en\/wp-json\/wp\/v2\/users\/1"}],"replies":[{"embeddable":true,"href":"https:\/\/www.senneville.ca\/en\/wp-json\/wp\/v2\/comments?post=1758"}],"version-history":[{"count":0,"href":"https:\/\/www.senneville.ca\/en\/wp-json\/wp\/v2\/pages\/1758\/revisions"}],"up":[{"embeddable":true,"href":"https:\/\/www.senneville.ca\/en\/wp-json\/wp\/v2\/pages\/1766"}],"wp:attachment":[{"href":"https:\/\/www.senneville.ca\/en\/wp-json\/wp\/v2\/media?parent=1758"}],"curies":[{"name":"wp","href":"https:\/\/api.w.org\/{rel}","templated":true}]}}