{"id":1714,"date":"2022-09-12T03:41:08","date_gmt":"2022-09-12T07:41:08","guid":{"rendered":"https:\/\/www.senneville.ca\/services\/online-request\/"},"modified":"2026-01-15T14:23:21","modified_gmt":"2026-01-15T19:23:21","slug":"online-request","status":"publish","type":"page","link":"https:\/\/www.senneville.ca\/en\/services\/online-request\/","title":{"rendered":"Online Request"},"content":{"rendered":"\n<div class=\"wp-block-cover alignfull is-style-title-banner\"><img decoding=\"async\" width=\"1920\" height=\"360\" class=\"wp-block-cover__image-background wp-image-1461 lazyload\" alt=\"\" data-src=\"https:\/\/www.senneville.ca\/wp-content\/uploads\/2022\/11\/header-sans-img.png\" data-object-fit=\"cover\" data-srcset=\"https:\/\/www.senneville.ca\/wp-content\/uploads\/2022\/11\/header-sans-img.png 1920w, https:\/\/www.senneville.ca\/wp-content\/uploads\/2022\/11\/header-sans-img-300x56.png 300w, https:\/\/www.senneville.ca\/wp-content\/uploads\/2022\/11\/header-sans-img-1024x192.png 1024w, https:\/\/www.senneville.ca\/wp-content\/uploads\/2022\/11\/header-sans-img-768x144.png 768w, https:\/\/www.senneville.ca\/wp-content\/uploads\/2022\/11\/header-sans-img-1536x288.png 1536w\" data-sizes=\"(max-width: 1920px) 100vw, 1920px\" src=\"data:image\/svg+xml;base64,PHN2ZyB3aWR0aD0iMSIgaGVpZ2h0PSIxIiB4bWxucz0iaHR0cDovL3d3dy53My5vcmcvMjAwMC9zdmciPjwvc3ZnPg==\" style=\"--smush-placeholder-width: 1920px; --smush-placeholder-aspect-ratio: 1920\/360;\" \/><span aria-hidden=\"true\" class=\"wp-block-cover__background has-background-dim\"><\/span><div class=\"wp-block-cover__inner-container\"><h3 class=\"wp-block-post-title\">Online Request<\/h3><\/div><\/div>\n\n\n\n<div class=\"wp-block-group alignfull has-padding-y-large has-primary-03-background-color has-background\"><div class=\"yoast-breadcrumbs alignwide \"><span class=\"breadcrumbs\"><a href=\"https:\/\/www.senneville.ca\/en\/\" class=\"breadcrumbs__element\">Home<\/a> <span class=\"breadcrumbs__separator\">\n        <svg class=\"icon icon-breadcrumb__separator\"><use xlink:href=\"#icon-breadcrumb__separator\"><\/use><\/svg>\n    <\/span> <a href=\"https:\/\/www.senneville.ca\/en\/services\/\" class=\"breadcrumbs__element\">Services<\/a> <span class=\"breadcrumbs__separator\">\n        <svg class=\"icon icon-breadcrumb__separator\"><use xlink:href=\"#icon-breadcrumb__separator\"><\/use><\/svg>\n    <\/span> <span class=\"breadcrumbs__element breadcrumbs__element-current\">Online Request<\/span><\/span><\/div><\/div>\n\n\n\n<div class=\"wp-block-group alignfull is-style-bg-gradient\">\n<h1 class=\"wp-block-heading\">Online request<\/h1>\n\n\n\n<figure class=\"wp-block-image size-full\"><img decoding=\"async\" width=\"1000\" height=\"143\" data-src=\"https:\/\/www.senneville.ca\/wp-content\/uploads\/2023\/06\/2023_BANDEAU_REQUETE-EN-LIGNE_ENG.jpg\" alt=\"\" class=\"wp-image-6121 lazyload\" data-srcset=\"https:\/\/www.senneville.ca\/wp-content\/uploads\/2023\/06\/2023_BANDEAU_REQUETE-EN-LIGNE_ENG.jpg 1000w, https:\/\/www.senneville.ca\/wp-content\/uploads\/2023\/06\/2023_BANDEAU_REQUETE-EN-LIGNE_ENG-300x43.jpg 300w, https:\/\/www.senneville.ca\/wp-content\/uploads\/2023\/06\/2023_BANDEAU_REQUETE-EN-LIGNE_ENG-768x110.jpg 768w\" data-sizes=\"(max-width: 1000px) 100vw, 1000px\" src=\"data:image\/svg+xml;base64,PHN2ZyB3aWR0aD0iMSIgaGVpZ2h0PSIxIiB4bWxucz0iaHR0cDovL3d3dy53My5vcmcvMjAwMC9zdmciPjwvc3ZnPg==\" style=\"--smush-placeholder-width: 1000px; --smush-placeholder-aspect-ratio: 1000\/143;\" \/><\/figure>\n\n\n\n\n<p class=\"act-lead\">The &#8220;Online Request&#8221; system is an interactive platform that allows you to send your requests, suggestions and comments directly to the city administration.<\/p>\n\n\n\n\n<p>As each request is created, a unique number is automatically generated, enabling you to track the status of your request online.<\/p>\n\n\n\n<div class=\"wp-block-cloudcatch-tabs wp-block-cloudcatch-tabs__wrapper wp-block-cloudcatch-tabs-v2\"><div class=\"wp-block-cloudcatch-tabs__container wp-block-cloudcatch-tabs-is-layout-flex is-vertical\" style=\"grid-template-rows:repeat(2, auto) 1fr\" role=\"tablist\">\n<div role=\"tab\" tabindex=\"0\" tabid=\"0\" class=\"wp-block-cloudcatch-tab\"><label class=\"wp-block-cloudcatch-tab__label\">Submit a request<\/label><\/div><div tabid=\"0\" class=\"wp-block-cloudcatch-tab-content\">\n<iframe \nid=\"iframeWidget\" \ndata-src=\"https:\/\/senneville.edemandes.com\/en\/create\/QS?display=external&#038;product=activis\"\nstyle=\"margin:auto; display:block; max-width: 640px; width: 100%;\"\nframeborder=\"0\" \nheight=\"7200\" \n src=\"data:image\/svg+xml;base64,PHN2ZyB3aWR0aD0iMSIgaGVpZ2h0PSIxIiB4bWxucz0iaHR0cDovL3d3dy53My5vcmcvMjAwMC9zdmciPjwvc3ZnPg==\" class=\"lazyload\" data-load-mode=\"1\">\nWe&#8217;re sorry. Your browser does not support iFrame technology.<\/iframe>\n\n<script>\nwindow.onload = function() {\n    var queryString = window.location.search;\n    var parameters = new URLSearchParams(queryString);\n    var pelV2Url = parameters.get('pelV2Url');\n    var pprn = parameters.get('pprn');\n    var status = parameters.get('status');\n    if (pelV2Url != null && pprn != null && status != null) {\n        document.getElementById('iframeWidget').src = pelV2Url + \"&pprn=\" + pprn + \"&status=\" + status;\n    }\n};\n\nfunction bindEvent(element, eventName, eventHandler) {\n    if (element.addEventListener) {\n        element.addEventListener(eventName, eventHandler, false);\n    } else if (element.attachEvent) {\n        element.attachEvent('on' + eventName, eventHandler);\n    }\n};\nbindEvent(window, 'message', function(e) {\n    var externalBaseUrl = document.location.origin + document.location.pathname;\n    document.getElementById('iframeWidget')['contentWindow'].postMessage({\n        User: null,\n        IsFromVoila: null,\n        OriginFullURL: externalBaseUrl\n    }, '*');\n});\nfunction setIframeHeight() {\n  var iframe = document.getElementById('iframeWidget');\n  var width = window.innerWidth || document.documentElement.clientWidth || document.body.clientWidth;\n\n  \/\/ Condition pour d\u00e9finir la hauteur en fonction de la largeur\n  if (width <= 781) {\n    iframe.style.height = '8000px';\n  } else {\n    iframe.style.height = '7200px';\n  }\n}\n\n\/\/ Appelez la fonction au chargement de la page et lorsqu'elle est redimensionn\u00e9e\nwindow.addEventListener('load', setIframeHeight);\nwindow.addEventListener('resize', setIframeHeight);\nlet enablePELAutoScroll = false;\ndocument.addEventListener('mousedown', function(){\nenablePELAutoScroll = true;\n});\nwindow.addEventListener('touchstart', function(){\nenablePELAutoScroll = true;\n});\nwindow.addEventListener('scroll', function(){\nenablePELAutoScroll = true;\n});\nwindow.addEventListener('message', function(ev) {\nconsole.log(ev, enablePELAutoScroll);\nif (!enablePELAutoScroll) {\n\treturn;\n}\n  if (ev.data === 'PELWidgetParentScrollTop') {\n    \/\/ S\u00e9lectionner l'\u00e9l\u00e9ment avec la classe .wp-block-cloudcatch-tabs\n    var targetElement = document.querySelector('.wp-block-cloudcatch-tabs');\n\n    \/\/ V\u00e9rifier si l'\u00e9l\u00e9ment existe\n    if (targetElement) {\n      \/\/ Calculer la position \u00e0 laquelle vous souhaitez faire d\u00e9filer (par exemple, 10% du haut)\n      var scrollPosition = Math.floor(0.3 * window.innerHeight);\n\n      \/\/ Faire d\u00e9filer jusqu'\u00e0 la position calcul\u00e9e\n      window.scrollTo({ top: targetElement.offsetTop - scrollPosition, left: 0, behavior: 'smooth' });\n    }\n  }\n});\n<\/script>\n<\/div>\n\n\n\n<div role=\"tab\" tabindex=\"0\" tabid=\"1\" class=\"wp-block-cloudcatch-tab\"><label class=\"wp-block-cloudcatch-tab__label\">Follow on a request<\/label><\/div><div tabid=\"1\" class=\"wp-block-cloudcatch-tab-content\">\n<iframe \nid=\"iframeWidget\" data-src=\"https:\/\/senneville.edemandes.com\/en\/request?display=external&#038;product=activis\"\nstyle=\"margin:auto; display:block; max-width: 640px; width: 100%;\"\nframeborder=\"0\" \nheight=\"600\"\n src=\"data:image\/svg+xml;base64,PHN2ZyB3aWR0aD0iMSIgaGVpZ2h0PSIxIiB4bWxucz0iaHR0cDovL3d3dy53My5vcmcvMjAwMC9zdmciPjwvc3ZnPg==\" class=\"lazyload\" data-load-mode=\"1\">\nWe're sorry. Your browser does not support iFrame technology.<\/iframe>\n\n<script>\nwindow.onload = function() {\n    var queryString = window.location.search;\n    var parameters = new URLSearchParams(queryString);\n    var pelV2Url = parameters.get('pelV2Url');\n    var pprn = parameters.get('pprn');\n    var status = parameters.get('status');\n    if (pelV2Url != null && pprn != null && status != null) {\n        document.getElementById('iframeWidget').src = pelV2Url + \"&pprn=\" + pprn + \"&status=\" + status;\n    }\n};\n\nfunction bindEvent(element, eventName, eventHandler) {\n    if (element.addEventListener) {\n        element.addEventListener(eventName, eventHandler, false);\n    } else if (element.attachEvent) {\n        element.attachEvent('on' + eventName, eventHandler);\n    }\n};\nbindEvent(window, 'message', function(e) {\n    var externalBaseUrl = document.location.origin + document.location.pathname;\n    document.getElementById('iframeWidget')['contentWindow'].postMessage({\n        User: null,\n        IsFromVoila: null,\n        OriginFullURL: externalBaseUrl\n    }, '*');\n});\n<\/script>\n<\/div>\n<\/div><\/div>\n\n\n\n<h2 class=\"wp-block-heading\">Steps to complete your request<\/h2>\n\n\n\n<div class=\"wp-block-columns\">\n<div class=\"wp-block-column\">\n<p><strong>Residents and non residents<\/strong><\/p>\n<\/div>\n\n\n\n<div class=\"wp-block-column\">\n<p><a href=\"https:\/\/www.senneville.ca\/wp-content\/uploads\/2023\/03\/etapes_demande_ligne_FR.pdf\">Instructions<\/a><\/p>\n<\/div>\n<\/div>\n\n\n\n<p>It is important to complete the form <strong>as accurately as possible<\/strong> to speed up the process and ensure your request is resolved:<\/p>\n\n\n\n<ul class=\"wp-block-list\">\n<li>Please provide your <strong>full contact information<\/strong> so we can reach you if we have any questions<\/li>\n\n\n\n<li>Please provide the <strong>exact location<\/strong> affected by the request and a <strong>detailed explanation<\/strong><\/li>\n\n\n\n<li>An <strong>incomplete request cannot be processed<\/strong><\/li>\n\n\n\n<li>A request that does not include the applicant's contact information cannot be processed<\/li>\n<\/ul>\n\n\n\n<p><em>Please note that the City only consults requests during <\/em><a href=\"https:\/\/www.senneville.ca\/en\/contact-us\/\" rel=\"noreferrer noopener\"><em>business hours<\/em><\/a><em>. At any time, for any emergency, please contact the 24-hour Emergency Center at <\/em><strong><em><a href=\"tel:514-630-1234\" target=\"_blank\" rel=\"noreferrer noopener\">514 630-1234<\/a><\/em><\/strong><em>. However, for emergencies requiring the intervention of the fire department or the police, dial <\/em><strong><em><a href=\"tel:911\" target=\"_blank\" rel=\"noreferrer noopener\">9-1-1<\/a><\/em><\/strong><em>.<\/em><\/p>\n<\/div>\n","protected":false},"excerpt":{"rendered":"<p>Online request As each request is created, a unique number is automatically generated, enabling you to track the status of your request online. Steps to complete your request Residents and non residents Instructions It is important to complete the form as accurately as possible to speed up the process and ensure your request is resolved: [&hellip;]<\/p>\n","protected":false},"author":1,"featured_media":0,"parent":1713,"menu_order":10,"comment_status":"closed","ping_status":"closed","template":"","meta":{"_acf_changed":false,"inline_featured_image":false,"footnotes":""},"class_list":["post-1714","page","type-page","status-publish","hentry"],"acf":[],"yoast_head":"<!-- This site is optimized with the Yoast SEO plugin v27.5 - https:\/\/yoast.com\/product\/yoast-seo-wordpress\/ -->\n<title>Online Request - Village de Senneville<\/title>\n<meta name=\"robots\" content=\"index, follow, max-snippet:-1, max-image-preview:large, max-video-preview:-1\" \/>\n<link rel=\"canonical\" href=\"https:\/\/www.senneville.ca\/en\/services\/online-request\/\" \/>\n<meta property=\"og:locale\" content=\"en_US\" \/>\n<meta property=\"og:type\" content=\"article\" \/>\n<meta property=\"og:title\" content=\"Online Request - Village de Senneville\" \/>\n<meta property=\"og:description\" content=\"Online request As each request is created, a unique number is automatically generated, enabling you to track the status of your request online. Steps to complete your request Residents and non residents Instructions It is important to complete the form as accurately as possible to speed up the process and ensure your request is resolved: [&hellip;]\" \/>\n<meta property=\"og:url\" content=\"https:\/\/www.senneville.ca\/en\/services\/online-request\/\" \/>\n<meta property=\"og:site_name\" content=\"Village de Senneville\" \/>\n<meta property=\"article:publisher\" content=\"https:\/\/www.facebook.com\/senneville.ca\" \/>\n<meta property=\"article:modified_time\" content=\"2026-01-15T19:23:21+00:00\" \/>\n<meta property=\"og:image\" content=\"https:\/\/www.senneville.ca\/wp-content\/uploads\/2022\/11\/header-sans-img.png\" \/>\n\t<meta property=\"og:image:width\" content=\"1920\" \/>\n\t<meta property=\"og:image:height\" content=\"360\" \/>\n\t<meta property=\"og:image:type\" content=\"image\/png\" \/>\n<meta name=\"twitter:card\" content=\"summary_large_image\" \/>\n<meta name=\"twitter:label1\" content=\"Est. reading time\" \/>\n\t<meta name=\"twitter:data1\" content=\"2 minutes\" \/>\n<script type=\"application\/ld+json\" class=\"yoast-schema-graph\">{\n\t    \"@context\": \"https:\\\/\\\/schema.org\",\n\t    \"@graph\": [\n\t        {\n\t            \"@type\": \"WebPage\",\n\t            \"@id\": \"https:\\\/\\\/www.senneville.ca\\\/en\\\/services\\\/online-request\\\/\",\n\t            \"url\": \"https:\\\/\\\/www.senneville.ca\\\/en\\\/services\\\/online-request\\\/\",\n\t            \"name\": \"Online Request - Village de Senneville\",\n\t            \"isPartOf\": {\n\t                \"@id\": \"https:\\\/\\\/www.senneville.ca\\\/en\\\/#website\"\n\t            },\n\t            \"primaryImageOfPage\": {\n\t                \"@id\": \"https:\\\/\\\/www.senneville.ca\\\/en\\\/services\\\/online-request\\\/#primaryimage\"\n\t            },\n\t            \"image\": {\n\t                \"@id\": \"https:\\\/\\\/www.senneville.ca\\\/en\\\/services\\\/online-request\\\/#primaryimage\"\n\t            },\n\t            \"thumbnailUrl\": \"https:\\\/\\\/www.senneville.ca\\\/wp-content\\\/uploads\\\/2022\\\/11\\\/header-sans-img.png\",\n\t            \"datePublished\": \"2022-09-12T07:41:08+00:00\",\n\t            \"dateModified\": \"2026-01-15T19:23:21+00:00\",\n\t            \"breadcrumb\": {\n\t                \"@id\": \"https:\\\/\\\/www.senneville.ca\\\/en\\\/services\\\/online-request\\\/#breadcrumb\"\n\t            },\n\t            \"inLanguage\": \"en-US\",\n\t            \"potentialAction\": [\n\t                {\n\t                    \"@type\": \"ReadAction\",\n\t                    \"target\": [\n\t                        \"https:\\\/\\\/www.senneville.ca\\\/en\\\/services\\\/online-request\\\/\"\n\t                    ]\n\t                }\n\t            ]\n\t        },\n\t        {\n\t            \"@type\": \"ImageObject\",\n\t            \"inLanguage\": \"en-US\",\n\t            \"@id\": \"https:\\\/\\\/www.senneville.ca\\\/en\\\/services\\\/online-request\\\/#primaryimage\",\n\t            \"url\": \"https:\\\/\\\/www.senneville.ca\\\/wp-content\\\/uploads\\\/2022\\\/11\\\/header-sans-img.png\",\n\t            \"contentUrl\": \"https:\\\/\\\/www.senneville.ca\\\/wp-content\\\/uploads\\\/2022\\\/11\\\/header-sans-img.png\"\n\t        },\n\t        {\n\t            \"@type\": \"BreadcrumbList\",\n\t            \"@id\": \"https:\\\/\\\/www.senneville.ca\\\/en\\\/services\\\/online-request\\\/#breadcrumb\",\n\t            \"itemListElement\": [\n\t                {\n\t                    \"@type\": \"ListItem\",\n\t                    \"position\": 1,\n\t                    \"name\": \"Home\",\n\t                    \"item\": \"https:\\\/\\\/www.senneville.ca\\\/en\\\/\"\n\t                },\n\t                {\n\t                    \"@type\": \"ListItem\",\n\t                    \"position\": 2,\n\t                    \"name\": \"Services\",\n\t                    \"item\": \"https:\\\/\\\/www.senneville.ca\\\/en\\\/services\\\/\"\n\t                },\n\t                {\n\t                    \"@type\": \"ListItem\",\n\t                    \"position\": 3,\n\t                    \"name\": \"Online Request\"\n\t                }\n\t            ]\n\t        },\n\t        {\n\t            \"@type\": \"WebSite\",\n\t            \"@id\": \"https:\\\/\\\/www.senneville.ca\\\/en\\\/#website\",\n\t            \"url\": \"https:\\\/\\\/www.senneville.ca\\\/en\\\/\",\n\t            \"name\": \"Village de Senneville\",\n\t            \"description\": \"Bienvenue au Village de Senneville\",\n\t            \"publisher\": {\n\t                \"@id\": \"https:\\\/\\\/www.senneville.ca\\\/en\\\/#organization\"\n\t            },\n\t            \"potentialAction\": [\n\t                {\n\t                    \"@type\": \"SearchAction\",\n\t                    \"target\": {\n\t                        \"@type\": \"EntryPoint\",\n\t                        \"urlTemplate\": \"https:\\\/\\\/www.senneville.ca\\\/en\\\/?s={search_term_string}\"\n\t                    },\n\t                    \"query-input\": {\n\t                        \"@type\": \"PropertyValueSpecification\",\n\t                        \"valueRequired\": true,\n\t                        \"valueName\": \"search_term_string\"\n\t                    }\n\t                }\n\t            ],\n\t            \"inLanguage\": \"en-US\"\n\t        },\n\t        {\n\t            \"@type\": \"Organization\",\n\t            \"@id\": \"https:\\\/\\\/www.senneville.ca\\\/en\\\/#organization\",\n\t            \"name\": \"Village de Senneville\",\n\t            \"alternateName\": \"Senneville\",\n\t            \"url\": \"https:\\\/\\\/www.senneville.ca\\\/en\\\/\",\n\t            \"logo\": {\n\t                \"@type\": \"ImageObject\",\n\t                \"inLanguage\": \"en-US\",\n\t                \"@id\": \"https:\\\/\\\/www.senneville.ca\\\/en\\\/#\\\/schema\\\/logo\\\/image\\\/\",\n\t                \"url\": \"https:\\\/\\\/www.senneville.ca\\\/wp-content\\\/uploads\\\/2022\\\/10\\\/Senneville-logo-Pantone.png\",\n\t                \"contentUrl\": \"https:\\\/\\\/www.senneville.ca\\\/wp-content\\\/uploads\\\/2022\\\/10\\\/Senneville-logo-Pantone.png\",\n\t                \"width\": 1547,\n\t                \"height\": 1810,\n\t                \"caption\": \"Village de Senneville\"\n\t            },\n\t            \"image\": {\n\t                \"@id\": \"https:\\\/\\\/www.senneville.ca\\\/en\\\/#\\\/schema\\\/logo\\\/image\\\/\"\n\t            },\n\t            \"sameAs\": [\n\t                \"https:\\\/\\\/www.facebook.com\\\/senneville.ca\",\n\t                \"https:\\\/\\\/ca.linkedin.com\\\/company\\\/village-de-senneville\",\n\t                \"https:\\\/\\\/www.instagram.com\\\/village_senneville\"\n\t            ]\n\t        }\n\t    ]\n\t}<\/script>\n<!-- \/ Yoast SEO plugin. -->","yoast_head_json":{"title":"Online Request - Village de Senneville","robots":{"index":"index","follow":"follow","max-snippet":"max-snippet:-1","max-image-preview":"max-image-preview:large","max-video-preview":"max-video-preview:-1"},"canonical":"https:\/\/www.senneville.ca\/en\/services\/online-request\/","og_locale":"en_US","og_type":"article","og_title":"Online Request - Village de Senneville","og_description":"Online request As each request is created, a unique number is automatically generated, enabling you to track the status of your request online. Steps to complete your request Residents and non residents Instructions It is important to complete the form as accurately as possible to speed up the process and ensure your request is resolved: [&hellip;]","og_url":"https:\/\/www.senneville.ca\/en\/services\/online-request\/","og_site_name":"Village de Senneville","article_publisher":"https:\/\/www.facebook.com\/senneville.ca","article_modified_time":"2026-01-15T19:23:21+00:00","og_image":[{"width":1920,"height":360,"url":"https:\/\/www.senneville.ca\/wp-content\/uploads\/2022\/11\/header-sans-img.png","type":"image\/png"}],"twitter_card":"summary_large_image","twitter_misc":{"Est. reading time":"2 minutes"},"schema":{"@context":"https:\/\/schema.org","@graph":[{"@type":"WebPage","@id":"https:\/\/www.senneville.ca\/en\/services\/online-request\/","url":"https:\/\/www.senneville.ca\/en\/services\/online-request\/","name":"Online Request - Village de Senneville","isPartOf":{"@id":"https:\/\/www.senneville.ca\/en\/#website"},"primaryImageOfPage":{"@id":"https:\/\/www.senneville.ca\/en\/services\/online-request\/#primaryimage"},"image":{"@id":"https:\/\/www.senneville.ca\/en\/services\/online-request\/#primaryimage"},"thumbnailUrl":"https:\/\/www.senneville.ca\/wp-content\/uploads\/2022\/11\/header-sans-img.png","datePublished":"2022-09-12T07:41:08+00:00","dateModified":"2026-01-15T19:23:21+00:00","breadcrumb":{"@id":"https:\/\/www.senneville.ca\/en\/services\/online-request\/#breadcrumb"},"inLanguage":"en-US","potentialAction":[{"@type":"ReadAction","target":["https:\/\/www.senneville.ca\/en\/services\/online-request\/"]}]},{"@type":"ImageObject","inLanguage":"en-US","@id":"https:\/\/www.senneville.ca\/en\/services\/online-request\/#primaryimage","url":"https:\/\/www.senneville.ca\/wp-content\/uploads\/2022\/11\/header-sans-img.png","contentUrl":"https:\/\/www.senneville.ca\/wp-content\/uploads\/2022\/11\/header-sans-img.png"},{"@type":"BreadcrumbList","@id":"https:\/\/www.senneville.ca\/en\/services\/online-request\/#breadcrumb","itemListElement":[{"@type":"ListItem","position":1,"name":"Home","item":"https:\/\/www.senneville.ca\/en\/"},{"@type":"ListItem","position":2,"name":"Services","item":"https:\/\/www.senneville.ca\/en\/services\/"},{"@type":"ListItem","position":3,"name":"Online Request"}]},{"@type":"WebSite","@id":"https:\/\/www.senneville.ca\/en\/#website","url":"https:\/\/www.senneville.ca\/en\/","name":"Village de Senneville","description":"Bienvenue au Village de Senneville","publisher":{"@id":"https:\/\/www.senneville.ca\/en\/#organization"},"potentialAction":[{"@type":"SearchAction","target":{"@type":"EntryPoint","urlTemplate":"https:\/\/www.senneville.ca\/en\/?s={search_term_string}"},"query-input":{"@type":"PropertyValueSpecification","valueRequired":true,"valueName":"search_term_string"}}],"inLanguage":"en-US"},{"@type":"Organization","@id":"https:\/\/www.senneville.ca\/en\/#organization","name":"Village de Senneville","alternateName":"Senneville","url":"https:\/\/www.senneville.ca\/en\/","logo":{"@type":"ImageObject","inLanguage":"en-US","@id":"https:\/\/www.senneville.ca\/en\/#\/schema\/logo\/image\/","url":"https:\/\/www.senneville.ca\/wp-content\/uploads\/2022\/10\/Senneville-logo-Pantone.png","contentUrl":"https:\/\/www.senneville.ca\/wp-content\/uploads\/2022\/10\/Senneville-logo-Pantone.png","width":1547,"height":1810,"caption":"Village de Senneville"},"image":{"@id":"https:\/\/www.senneville.ca\/en\/#\/schema\/logo\/image\/"},"sameAs":["https:\/\/www.facebook.com\/senneville.ca","https:\/\/ca.linkedin.com\/company\/village-de-senneville","https:\/\/www.instagram.com\/village_senneville"]}]}},"_links":{"self":[{"href":"https:\/\/www.senneville.ca\/en\/wp-json\/wp\/v2\/pages\/1714","targetHints":{"allow":["GET"]}}],"collection":[{"href":"https:\/\/www.senneville.ca\/en\/wp-json\/wp\/v2\/pages"}],"about":[{"href":"https:\/\/www.senneville.ca\/en\/wp-json\/wp\/v2\/types\/page"}],"author":[{"embeddable":true,"href":"https:\/\/www.senneville.ca\/en\/wp-json\/wp\/v2\/users\/1"}],"replies":[{"embeddable":true,"href":"https:\/\/www.senneville.ca\/en\/wp-json\/wp\/v2\/comments?post=1714"}],"version-history":[{"count":0,"href":"https:\/\/www.senneville.ca\/en\/wp-json\/wp\/v2\/pages\/1714\/revisions"}],"up":[{"embeddable":true,"href":"https:\/\/www.senneville.ca\/en\/wp-json\/wp\/v2\/pages\/1713"}],"wp:attachment":[{"href":"https:\/\/www.senneville.ca\/en\/wp-json\/wp\/v2\/media?parent=1714"}],"curies":[{"name":"wp","href":"https:\/\/api.w.org\/{rel}","templated":true}]}}